{"id":2732,"date":"2025-06-21T15:03:31","date_gmt":"2025-06-21T12:03:31","guid":{"rendered":"https:\/\/masterclass.salbekoperafestival.ro\/?page_id=2732"},"modified":"2025-08-01T12:19:06","modified_gmt":"2025-08-01T09:19:06","slug":"selectie-2025","status":"publish","type":"page","link":"https:\/\/masterclass.salbekoperafestival.ro\/ro\/selectie-2025\/","title":{"rendered":"Selec\u021bie 2025"},"content":{"rendered":"<div class=\"row\"  id=\"row-1932606403\">\n\n\t<div id=\"col-38669091\" class=\"col small-12 large-12\"  >\n\t\t\t\t<div class=\"col-inner text-center\"  >\n\t\t\t\n\t\t\t\n\t<div class=\"img has-hover x md-x lg-x y md-y lg-y\" id=\"image_1377091240\">\n\t\t\t\t\t\t\t\t<div class=\"img-inner dark\" >\n\t\t\t<img loading=\"lazy\" decoding=\"async\" width=\"1920\" height=\"720\" src=\"https:\/\/masterclass.salbekoperafestival.ro\/wp-content\/uploads\/2025\/05\/Elegant-glitter_2C_2025_a-blue-copy.jpg\" class=\"attachment-original size-original\" alt=\"\" srcset=\"https:\/\/masterclass.salbekoperafestival.ro\/wp-content\/uploads\/2025\/05\/Elegant-glitter_2C_2025_a-blue-copy.jpg 1920w, https:\/\/masterclass.salbekoperafestival.ro\/wp-content\/uploads\/2025\/05\/Elegant-glitter_2C_2025_a-blue-copy-300x113.jpg 300w, https:\/\/masterclass.salbekoperafestival.ro\/wp-content\/uploads\/2025\/05\/Elegant-glitter_2C_2025_a-blue-copy-1024x384.jpg 1024w, https:\/\/masterclass.salbekoperafestival.ro\/wp-content\/uploads\/2025\/05\/Elegant-glitter_2C_2025_a-blue-copy-768x288.jpg 768w, https:\/\/masterclass.salbekoperafestival.ro\/wp-content\/uploads\/2025\/05\/Elegant-glitter_2C_2025_a-blue-copy-1536x576.jpg 1536w\" sizes=\"(max-width: 1920px) 100vw, 1920px\" \/>\t\t\t\t\t\t\n\t\t\t\t\t<\/div>\n\t\t\t\t\t\t\t\t\n<style>\n#image_1377091240 {\n  width: 100%;\n}\n<\/style>\n\t<\/div>\n\t\n\t\t<\/div>\n\t\t\t\t\t<\/div>\n\n\t\n\n\t<div id=\"col-408427152\" class=\"col small-12 large-12\"  >\n\t\t\t\t<div class=\"col-inner text-center\"  >\n\t\t\t\n\t\t\t\n<h3><span style=\"font-size: 100%;\"><span style=\"font-size: 80%;\">SALBEK OPERA FESTIVAL<\/span><br \/><\/span><strong><span style=\"font-size: 100%;\">Masterclass 2025<\/span><\/strong><\/h3>\n<h1 class=\"uppercase\"><span style=\"color: #a86d2a;\">CANDIDA\u021aI ADMI\u0218I PENTRU Salbek Opera Masterclass 2025<\/span><\/h1>\n<div dir=\"ltr\"><b>Lista cursantilor selecta\u021bi pentru participarea la Salbek opera Masterclass 2025 se g\u0103se\u0219te mai jos. <br \/><\/b><b><span style=\"text-decoration: underline;\">Pentru a confirma participarea<\/span>, v\u0103 rug\u0103m s\u0103 ne trimite\u021bi un r\u0103spuns p\u00e2n\u0103 pe data de 1 iulie 2025, la adresa <a href=\"mailto:salbekoperamasterclass@gmail.com\"><span style=\"color: #008000;\">salbekoperamasterclass@gmail.com<\/span><\/a><\/b><\/div>\n<div><b>Facturile pentru plata taxei de participare vor fi emise \u00eentre 8 \u0219i 15 iulie.\u00a0<\/b><\/div>\n<div>\u00a0<\/div>\n<div>\n<p>Pentru detalii privind realizarea selec\u021biei finale a cursantilor la Salbek Opera Masterclass 2025, pute\u021bi suna la <b>+40 724 831 608<\/b>.<\/p>\n<p>Pentru detalii privind plata \u0219i logistica pentru participarea la Salbek Opera Masterclass 2025, suna\u021bi la +40 726 779 652, dup\u0103 8 iulie 2025.<\/p>\n<\/div>\n<div class=\"is-divider divider clearfix\" style=\"margin-top:25px;margin-bottom:25px;max-width:100%;\"><\/div>\n<table width=\"477\">\n<tbody>\n<tr>\n<td width=\"43\">\n<p><strong>Nr. crt<\/strong><\/p>\n<\/td>\n<td width=\"150\">\n<p><strong>Prenume<\/strong><\/p>\n<\/td>\n<td width=\"126\">\n<p><strong>Nume<\/strong><\/p>\n<\/td>\n<td width=\"67\">\n<p><strong>Voce<\/strong><\/p>\n<\/td>\n<td width=\"91\">\n<p><strong>Na\u021bionalitate<\/strong><\/p>\n<\/td>\n<\/tr>\n<tr>\n<td width=\"43\">\n<p>1<\/p>\n<\/td>\n<td width=\"150\">\n<p>Fabian<\/p>\n<\/td>\n<td width=\"126\">\n<p>Mereu\u021b\u0103<\/p>\n<\/td>\n<td width=\"67\">\n<p>Tenor<\/p>\n<\/td>\n<td width=\"91\">\n<p>Rom\u00e2n\u0103<\/p>\n<\/td>\n<\/tr>\n<tr>\n<td width=\"43\">\n<p>2<\/p>\n<\/td>\n<td width=\"150\">\n<p>Lorena<\/p>\n<\/td>\n<td width=\"126\">\n<p>Puican<\/p>\n<\/td>\n<td width=\"67\">\n<p>Sopran\u0103<\/p>\n<\/td>\n<td width=\"91\">\n<p>Rom\u00e2n\u0103<\/p>\n<\/td>\n<\/tr>\n<tr>\n<td width=\"43\">\n<p>3<\/p>\n<\/td>\n<td width=\"150\">\n<p>Valeria<\/p>\n<\/td>\n<td width=\"126\">\n<p>Beliman<\/p>\n<\/td>\n<td width=\"67\">\n<p>Sopran\u0103<\/p>\n<\/td>\n<td width=\"91\">\n<p>Rom\u00e2n\u0103<\/p>\n<\/td>\n<\/tr>\n<tr>\n<td width=\"43\">\n<p>4<\/p>\n<\/td>\n<td width=\"150\">\n<p>Larisa<\/p>\n<\/td>\n<td width=\"126\">\n<p>\u0218tefan<\/p>\n<\/td>\n<td width=\"67\">\n<p>Sopran\u0103<\/p>\n<\/td>\n<td width=\"91\">\n<p>Rom\u00e2n\u0103<\/p>\n<\/td>\n<\/tr>\n<tr>\n<td width=\"43\">\n<p>5<\/p>\n<\/td>\n<td width=\"150\">\n<p>Denisa-Maria<\/p>\n<\/td>\n<td width=\"126\">\n<p>B\u0103l\u0103ban<\/p>\n<\/td>\n<td width=\"67\">\n<p>Sopran\u0103<\/p>\n<\/td>\n<td width=\"91\">\n<p>Rom\u00e2n\u0103<\/p>\n<\/td>\n<\/tr>\n<tr>\n<td width=\"43\">\n<p>6<\/p>\n<\/td>\n<td width=\"150\">\n<p>David<\/p>\n<\/td>\n<td width=\"126\">\n<p>Pogana<\/p>\n<\/td>\n<td width=\"67\">\n<p>Tenor<\/p>\n<\/td>\n<td width=\"91\">\n<p>Rom\u00e2n\u0103<\/p>\n<\/td>\n<\/tr>\n<tr>\n<td width=\"43\">\n<p>7<\/p>\n<\/td>\n<td width=\"150\">\n<p>Iustina<\/p>\n<\/td>\n<td width=\"126\">\n<p>Bulimar<\/p>\n<\/td>\n<td width=\"67\">\n<p>Sopran\u0103<\/p>\n<\/td>\n<td width=\"91\">\n<p>Rom\u00e2n\u0103<\/p>\n<\/td>\n<\/tr>\n<tr>\n<td width=\"43\">\n<p>8<\/p>\n<\/td>\n<td width=\"150\">\n<p>C\u0103t\u0103lin<\/p>\n<\/td>\n<td width=\"126\">\n<p>Pop<\/p>\n<\/td>\n<td width=\"67\">\n<p>Tenor<\/p>\n<\/td>\n<td width=\"91\">\n<p>Rom\u00e2n\u0103<\/p>\n<\/td>\n<\/tr>\n<tr>\n<td width=\"43\">\n<p>9<\/p>\n<\/td>\n<td width=\"150\">\n<p>Adiguzel<\/p>\n<\/td>\n<td width=\"126\">\n<p>Samuel Alper<\/p>\n<\/td>\n<td width=\"67\">\n<p>Bariton<\/p>\n<\/td>\n<td width=\"91\">\n<p>Turc\u0103\/Rom\u00e2n\u0103<\/p>\n<\/td>\n<\/tr>\n<tr>\n<td width=\"43\">\n<p>10<\/p>\n<\/td>\n<td width=\"150\">\n<p>Sebastian<\/p>\n<\/td>\n<td width=\"126\">\n<p>To\u015fa<\/p>\n<\/td>\n<td width=\"67\">\n<p>Tenor<\/p>\n<\/td>\n<td width=\"91\">\n<p>Rom\u00e2n\u0103<\/p>\n<\/td>\n<\/tr>\n<tr>\n<td width=\"43\">\n<p>11<\/p>\n<\/td>\n<td width=\"150\">\n<p>Sara<\/p>\n<\/td>\n<td width=\"126\">\n<p>Mihali<\/p>\n<\/td>\n<td width=\"67\">\n<p>Sopran\u0103<\/p>\n<\/td>\n<td width=\"91\">\n<p>Rom\u00e2n\u0103<\/p>\n<\/td>\n<\/tr>\n<tr>\n<td width=\"43\">\n<p>12<\/p>\n<\/td>\n<td width=\"150\">\n<p>Alexandra<\/p>\n<\/td>\n<td width=\"126\">\n<p>Tanase<\/p>\n<\/td>\n<td width=\"67\">\n<p>Sopran\u0103<\/p>\n<\/td>\n<td width=\"91\">\n<p>Rom\u00e2n\u0103<\/p>\n<\/td>\n<\/tr>\n<tr>\n<td width=\"43\">\n<p>13<\/p>\n<\/td>\n<td width=\"150\">\n<p>Juliana Petra<\/p>\n<\/td>\n<td width=\"126\">\n<p>Wells<\/p>\n<\/td>\n<td width=\"67\">\n<p>Sopran\u0103<\/p>\n<\/td>\n<td width=\"91\">\n<p>Rom\u00e2n\u0103<\/p>\n<\/td>\n<\/tr>\n<tr>\n<td width=\"43\">\n<p>14<\/p>\n<\/td>\n<td width=\"150\">\n<p>Brigita Celina<\/p>\n<\/td>\n<td width=\"126\">\n<p>Matee\u0219<\/p>\n<\/td>\n<td width=\"67\">\n<p>Sopran\u0103<\/p>\n<\/td>\n<td width=\"91\">\n<p>Rom\u00e2n\u0103<\/p>\n<\/td>\n<\/tr>\n<tr>\n<td width=\"43\">\n<p>15<\/p>\n<\/td>\n<td width=\"150\">\n<p>Ananda<\/p>\n<\/td>\n<td width=\"126\">\n<p>Dingenen<\/p>\n<\/td>\n<td width=\"67\">\n<p>Sopran\u0103<\/p>\n<\/td>\n<td width=\"91\">\n<p>Francez\u0103<\/p>\n<\/td>\n<\/tr>\n<tr>\n<td width=\"43\">\n<p>16<\/p>\n<\/td>\n<td width=\"150\">\n<p>Alexandre<\/p>\n<\/td>\n<td width=\"126\">\n<p>Bianque<\/p>\n<\/td>\n<td width=\"67\">\n<p>Tenor<\/p>\n<\/td>\n<td width=\"91\">\n<p>Brazilian\u0103<\/p>\n<\/td>\n<\/tr>\n<tr>\n<td width=\"43\">\n<p>17<\/p>\n<\/td>\n<td width=\"150\">\n<p>Anastasia<\/p>\n<\/td>\n<td width=\"126\">\n<p>T\u00fcrk\u00f6z<\/p>\n<\/td>\n<td width=\"67\">\n<p>Sopran\u0103<\/p>\n<\/td>\n<td width=\"91\">\n<p>Rom\u00e2n\u0103<\/p>\n<\/td>\n<\/tr>\n<tr>\n<td width=\"43\">\n<p>18<\/p>\n<\/td>\n<td width=\"150\">\n<p>Hora\u021biu Daniel<\/p>\n<\/td>\n<td width=\"126\">\n<p>Coman<\/p>\n<\/td>\n<td width=\"67\">\n<p>Bariton<\/p>\n<\/td>\n<td width=\"91\">\n<p>Rom\u00e2n\u0103<\/p>\n<\/td>\n<\/tr>\n<tr>\n<td width=\"43\">\n<p>19<\/p>\n<\/td>\n<td width=\"150\">\n<p>Anastasia<\/p>\n<\/td>\n<td width=\"126\">\n<p>Popova<\/p>\n<\/td>\n<td width=\"67\">\n<p>Sopran\u0103<\/p>\n<\/td>\n<td width=\"91\">\n<p>Moldovean\u0103<\/p>\n<\/td>\n<\/tr>\n<tr>\n<td width=\"43\">\n<p>20<\/p>\n<\/td>\n<td width=\"150\">\n<p>Laura<\/p>\n<\/td>\n<td width=\"126\">\n<p>Avila<\/p>\n<\/td>\n<td width=\"67\">\n<p>Sopran\u0103<\/p>\n<\/td>\n<td width=\"91\">\n<p>Columbian\u0103<\/p>\n<\/td>\n<\/tr>\n<tr>\n<td width=\"43\">\n<p>21<\/p>\n<\/td>\n<td width=\"150\">\n<p>Samia Maria<\/p>\n<\/td>\n<td width=\"126\">\n<p>Saleh<\/p>\n<\/td>\n<td width=\"67\">\n<p>Mezzo<\/p>\n<\/td>\n<td width=\"91\">\n<p>Rom\u00e2n\u0103<\/p>\n<\/td>\n<\/tr>\n<tr>\n<td width=\"43\">\n<p>22<\/p>\n<\/td>\n<td width=\"150\">\n<p>\u0218tefan<\/p>\n<\/td>\n<td width=\"126\">\n<p>Lamatic<\/p>\n<\/td>\n<td width=\"67\">\n<p>Bas<\/p>\n<\/td>\n<td width=\"91\">\n<p>Rom\u00e2n\u0103<\/p>\n<\/td>\n<\/tr>\n<tr>\n<td width=\"43\">\n<p>23<\/p>\n<\/td>\n<td width=\"150\">\n<p>Cristian<\/p>\n<\/td>\n<td width=\"126\">\n<p>Ruja<\/p>\n<\/td>\n<td width=\"67\">\n<p>Bariton<\/p>\n<\/td>\n<td width=\"91\">\n<p>Rom\u00e2n\u0103<\/p>\n<\/td>\n<\/tr>\n<tr>\n<td width=\"43\">\n<p>24<\/p>\n<\/td>\n<td width=\"150\">\n<p>Laura<\/p>\n<\/td>\n<td width=\"126\">\n<p>Chiorean<\/p>\n<\/td>\n<td width=\"67\">\n<p>Sopran\u0103<\/p>\n<\/td>\n<td width=\"91\">\n<p>Rom\u00e2n\u0103<\/p>\n<\/td>\n<\/tr>\n<\/tbody>\n<\/table>\n\t<div id=\"gap-1697572989\" class=\"gap-element clearfix\" style=\"display:block; height:auto;\">\n\t\t\n<style>\n#gap-1697572989 {\n  padding-top: 40px;\n}\n<\/style>\n\t<\/div>\n\t\n<p><span style=\"color: #333333;\">Cursan\u021bii vor fi acompania\u021bi la pian de <\/span>Ioana Maxim, Liana Mare\u0219 \u0219i Andra Demidov.<\/p>\n\t<div id=\"gap-1142812098\" class=\"gap-element clearfix\" style=\"display:block; height:auto;\">\n\t\t\n<style>\n#gap-1142812098 {\n  padding-top: 75px;\n}\n<\/style>\n\t<\/div>\n\t\n<div class=\"is-divider divider clearfix\" style=\"margin-top:0px;margin-bottom:0px;max-width:100%;height:10px;\"><\/div>\n\t\t<\/div>\n\t\t\t\t\t<\/div>\n\n\t\n\n<\/div>\n","protected":false},"excerpt":{"rendered":"","protected":false},"author":1,"featured_media":2697,"parent":0,"menu_order":0,"comment_status":"closed","ping_status":"closed","template":"","meta":{"footnotes":""},"_links":{"self":[{"href":"https:\/\/masterclass.salbekoperafestival.ro\/ro\/wp-json\/wp\/v2\/pages\/2732"}],"collection":[{"href":"https:\/\/masterclass.salbekoperafestival.ro\/ro\/wp-json\/wp\/v2\/pages"}],"about":[{"href":"https:\/\/masterclass.salbekoperafestival.ro\/ro\/wp-json\/wp\/v2\/types\/page"}],"author":[{"embeddable":true,"href":"https:\/\/masterclass.salbekoperafestival.ro\/ro\/wp-json\/wp\/v2\/users\/1"}],"replies":[{"embeddable":true,"href":"https:\/\/masterclass.salbekoperafestival.ro\/ro\/wp-json\/wp\/v2\/comments?post=2732"}],"version-history":[{"count":5,"href":"https:\/\/masterclass.salbekoperafestival.ro\/ro\/wp-json\/wp\/v2\/pages\/2732\/revisions"}],"predecessor-version":[{"id":2768,"href":"https:\/\/masterclass.salbekoperafestival.ro\/ro\/wp-json\/wp\/v2\/pages\/2732\/revisions\/2768"}],"wp:featuredmedia":[{"embeddable":true,"href":"https:\/\/masterclass.salbekoperafestival.ro\/ro\/wp-json\/wp\/v2\/media\/2697"}],"wp:attachment":[{"href":"https:\/\/masterclass.salbekoperafestival.ro\/ro\/wp-json\/wp\/v2\/media?parent=2732"}],"curies":[{"name":"wp","href":"https:\/\/api.w.org\/{rel}","templated":true}]}}