{"id":808,"date":"2023-04-27T09:21:05","date_gmt":"2023-04-27T06:21:05","guid":{"rendered":"https:\/\/masterclass.salbekoperafestival.ro\/?page_id=808"},"modified":"2024-05-01T00:09:24","modified_gmt":"2024-04-30T21:09:24","slug":"cookieuri","status":"publish","type":"page","link":"https:\/\/masterclass.salbekoperafestival.ro\/ro\/cookieuri\/","title":{"rendered":"Cookieuri"},"content":{"rendered":"\t<div id=\"gap-1004805049\" class=\"gap-element clearfix\" style=\"display:block; height:auto;\">\n\t\t\n<style>\n#gap-1004805049 {\n  padding-top: 100px;\n}\n<\/style>\n\t<\/div>\n\t\n<div class=\"row\"  id=\"row-1460250162\">\n\n\t<div id=\"col-1854170395\" class=\"col small-12 large-12\"  >\n\t\t\t\t<div class=\"col-inner text-center\"  >\n\t\t\t\n\t\t\t\n<h2><span style=\"font-size: 105%;\">POLITICA DE COOKIE-URI<\/span><\/h2>\n\t<div id=\"gap-718886323\" class=\"gap-element clearfix\" style=\"display:block; height:auto;\">\n\t\t\n<style>\n#gap-718886323 {\n  padding-top: 50px;\n}\n<\/style>\n\t<\/div>\n\t\n<p style=\"text-align: left;\"><span style=\"font-size: 105%;\"><strong>Acest site folose\u0219te cookie-uri pentru a v\u0103 \u00eembun\u0103t\u0103\u021bi experien\u021ba de navigare<\/strong>.<\/span><\/p>\n<p style=\"text-align: left;\"><span style=\"font-size: 105%;\">Un cookie este un mic fi\u0219ier de text care este stocat de c\u0103tre un site web pe computerul, telefonul sau alt dispozitiv pe care dumneavoastr\u0103 \u00eel folosi\u021bi atunci c\u00e2nd \u00eel vizita\u021bi. Cookie-urile pot fi utilizate pentru a stoca preferin\u021bele dumneavoastr\u0103, cum ar fi limba preferat\u0103 sau numele de utilizator, pentru a v\u0103 facilita navigarea pe site \u0219i pentru a colecta informa\u021bii statistice despre modul \u00een care utiliza\u021bi site-ul web.<\/span><\/p>\n<p style=\"text-align: left;\"><span style=\"font-size: 105%;\">Aceste fi\u0219iere fac posibil\u0103 \u00een principal recunoa\u0219terea terminalului utilizatorului \u0219i prezentarea con\u021binutului \u00eentr-un mod relevant, adaptat caracteristicilor tehnice ale echipamentelor \u0219i\/sau preferin\u021belor utilizatorului.<\/span><br \/><span style=\"font-size: 105%;\">Cookie-urile asigur\u0103 utilizatorilor o experien\u021b\u0103 pl\u0103cut\u0103 de navigare \u0219i sus\u021bin eforturile noastre pentru a oferi servicii mai bine adaptate utilizatorilor. De asemenea, sunt utilizate \u00een preg\u0103tirea unor statistici anonime agregate care ne ajut\u0103 s\u0103 \u00een\u021belegem cum un utilizator acceseaz\u0103 \u0219i beneficiaz\u0103 de paginile noastre de internet, permi\u021b\u00e2ndu-ne \u00eembun\u0103t\u0103\u021birea structurii \u0219i con\u021binutului lor, f\u0103r\u0103 a permite identificarea personal\u0103 a utilizatorului.<\/span><\/p>\n<p style=\"text-align: left;\"><span style=\"font-size: 105%;\">Pute\u021bi controla modul \u00een care sunt utilizate cookie-urile prin set\u0103rile browserului dumneavoastr\u0103. De asemenea, pute\u021bi exprima preferin\u021bele dumneavoastr\u0103 utiliz\u00e2nd panoul &#8222;Preferin\u021be de consim\u021b\u0103m\u00e2nt&#8221; (iconi\u021b\u0103\/buton \u00een col\u021bul din st\u00e2nga-jos al ecranului). V\u0103 rug\u0103m s\u0103 re\u021bine\u021bi c\u0103 dezactivarea cookie-urilor poate afecta func\u021bionalitatea acestui site web.<\/span><\/p>\n<p style=\"text-align: left;\"><span style=\"font-size: 105%;\"><strong>Utiliz\u00e2nd acest site web, sunte\u021bi de acord cu utilizarea cookie-urilor conform acestei politici privind cookie-urile. Dac\u0103 nu sunte\u021bi de acord cu utilizarea cookie-urilor, v\u0103 rug\u0103m s\u0103 dezactiva\u021bi cookie-urile prin intermediul set\u0103rilor browserului dumneavoastr\u0103.<\/strong><\/span><\/p>\n<p style=\"text-align: left;\"><span style=\"font-size: 105%;\">Pentru informa\u021bii despre <a href=\"https:\/\/masterclass.salbekoperafestival.ro\/ro\/politica-de-confidentialitate\/\"><strong>Politica de confiden\u021bialitate<\/strong>\u00a0\u0219i\u00a0<strong>Cookie-uri<\/strong><\/a>, v\u0103 rug\u0103m s\u0103 accesa\u021bi pagina dedicat\u0103,\u00a0<a href=\"https:\/\/masterclass.salbekoperafestival.ro\/ro\/politica-de-confidentialitate\/\">aici<\/a>.<\/span><\/p>\n\t\t<\/div>\n\t\t\t\t\t<\/div>\n\n\t\n<\/div>\n","protected":false},"excerpt":{"rendered":"","protected":false},"author":1,"featured_media":0,"parent":0,"menu_order":0,"comment_status":"closed","ping_status":"closed","template":"","meta":{"footnotes":""},"_links":{"self":[{"href":"https:\/\/masterclass.salbekoperafestival.ro\/ro\/wp-json\/wp\/v2\/pages\/808"}],"collection":[{"href":"https:\/\/masterclass.salbekoperafestival.ro\/ro\/wp-json\/wp\/v2\/pages"}],"about":[{"href":"https:\/\/masterclass.salbekoperafestival.ro\/ro\/wp-json\/wp\/v2\/types\/page"}],"author":[{"embeddable":true,"href":"https:\/\/masterclass.salbekoperafestival.ro\/ro\/wp-json\/wp\/v2\/users\/1"}],"replies":[{"embeddable":true,"href":"https:\/\/masterclass.salbekoperafestival.ro\/ro\/wp-json\/wp\/v2\/comments?post=808"}],"version-history":[{"count":6,"href":"https:\/\/masterclass.salbekoperafestival.ro\/ro\/wp-json\/wp\/v2\/pages\/808\/revisions"}],"predecessor-version":[{"id":2086,"href":"https:\/\/masterclass.salbekoperafestival.ro\/ro\/wp-json\/wp\/v2\/pages\/808\/revisions\/2086"}],"wp:attachment":[{"href":"https:\/\/masterclass.salbekoperafestival.ro\/ro\/wp-json\/wp\/v2\/media?parent=808"}],"curies":[{"name":"wp","href":"https:\/\/api.w.org\/{rel}","templated":true}]}}